{"id":303,"date":"2018-08-24T15:46:36","date_gmt":"2018-08-24T13:46:36","guid":{"rendered":"http:\/\/www.greeters-troyes-aube.fr\/?page_id=303"},"modified":"2025-03-21T20:12:32","modified_gmt":"2025-03-21T19:12:32","slug":"questionnaire-candidature-greeter","status":"publish","type":"page","link":"https:\/\/www.greeters-troyes-aube.fr\/en\/devenir-greeter\/questionnaire-candidature-greeter\/","title":{"rendered":"Questionnaire Candidature Greeter"},"content":{"rendered":"<p>Votre candidature en quatre points :<\/p>\n<ol>\n<li>Remplir le questionnaire en ligne<\/li>\n<li>A l&#8217;issue de l&#8217;\u00e9tude de votre candidature, nous vous convierons \u00e0 participer \u00e0 une r\u00e9union de l&#8217;association pour faire plus ample connaissance<\/li>\n<li>Nous vous proposerons de participer \u00e0 une rencontre avec un visiteur en compagnie d&#8217;un greeter de l&#8217;association<\/li>\n<li>Vous nous accueillerez comme un greeter sur votre territoire pour votre grande premi\u00e8re !<\/li>\n<\/ol>\n<p>Dans un premier temps, merci de remplir attentivement ce questionnaire car c&#8217;est gr\u00e2ce \u00e0 lui que nous allons \u00e9tudier votre candidature avant de vous contacter.<\/p>\n<p><div class=\"everest-forms\"><div class=\"evf-container default\" id=\"evf-302\"><form id=\"evf-form-302\" class=\"everest-form\" data-formid=\"302\" data-ajax_submission=\"0\" data-keyboard_friendly_form=\"0\" data-form_state_type=\"\" method=\"post\" enctype=\"multipart\/form-data\" action=\"\/en\/wp-json\/wp\/v2\/pages\/303\"><div class=\"evf-field-container\"><input type=\"hidden\" id=\"_wpnonce302\" name=\"_wpnonce302\" value=\"8fb12c3b13\" \/><input type=\"hidden\" name=\"_wp_http_referer\" value=\"\/en\/wp-json\/wp\/v2\/pages\/303\" \/><div class=\"evf-frontend-row\" data-row=\"row_1\" conditional_rules=\"[]\"><div class=\"evf-frontend-grid evf-grid-1\" data-grid=\"grid_1\"><div id=\"evf-302-field_AyK66SLVYF-4-container\" class=\"evf-field evf-field-last-name form-row validate-required\" data-required-field-message=\"Le champ est obligatoire.\" data-field-id=\"AyK66SLVYF-4\"><label class=\"evf-field-label\" for=\"evf-302-field_AyK66SLVYF-4\"><span class=\"evf-label\">Nom<\/span> <abbr class=\"required\" title=\"Required\">*<\/abbr><\/label><input type=\"text\" id=\"evf-302-field_AyK66SLVYF-4\" class=\"input-text\" name=\"everest_forms[form_fields][AyK66SLVYF-4]\" required><\/div><div id=\"evf-302-field_5h82bjBU8s-5-container\" class=\"evf-field evf-field-first-name form-row validate-required\" data-required-field-message=\"Le champ est obligatoire.\" data-field-id=\"5h82bjBU8s-5\"><label class=\"evf-field-label\" for=\"evf-302-field_5h82bjBU8s-5\"><span class=\"evf-label\">Pr\u00e9nom<\/span> <abbr class=\"required\" title=\"Required\">*<\/abbr><\/label><input type=\"text\" id=\"evf-302-field_5h82bjBU8s-5\" class=\"input-text\" name=\"everest_forms[form_fields][5h82bjBU8s-5]\" required><\/div><div id=\"evf-302-field_m9oAwJJ7Un-6-container\" class=\"evf-field evf-field-radio form-row validate-required\" data-required-field-message=\"Le champ est obligatoire.\" data-field-id=\"m9oAwJJ7Un-6\"><label class=\"evf-field-label\" for=\"evf-302-field_m9oAwJJ7Un-6\"><span class=\"evf-label\">Genre<\/span> <abbr class=\"required\" title=\"Required\">*<\/abbr><\/label><ul id=\"evf-302-field_m9oAwJJ7Un-6\" class=\" evf-field-required\"><li class=\"choice-1 depth-1\"><input type=\"radio\" id=\"evf-302-field_m9oAwJJ7Un-6_1\" class=\"input-text\" name=\"everest_forms[form_fields][m9oAwJJ7Un-6]\" value=\"Homme\" required ><label class=\"everest-forms-field-label-inline\" for=\"evf-302-field_m9oAwJJ7Un-6_1\">Homme<\/label><\/li><li class=\"choice-3 depth-1\"><input type=\"radio\" id=\"evf-302-field_m9oAwJJ7Un-6_3\" class=\"input-text\" name=\"everest_forms[form_fields][m9oAwJJ7Un-6]\" value=\"Femme\" required ><label class=\"everest-forms-field-label-inline\" for=\"evf-302-field_m9oAwJJ7Un-6_3\">Femme<\/label><\/li><\/ul><\/div><div id=\"evf-302-field_zc8YCaS2Pp-7-container\" class=\"evf-field evf-field-number form-row validate-required\" data-required-field-message=\"Merci de renseigner un nombre valide.\" data-field-id=\"zc8YCaS2Pp-7\"><label class=\"evf-field-label\" for=\"evf-302-field_zc8YCaS2Pp-7\"><span class=\"evf-label\">Votre dizaine (tranche d'\u00e2ge)<\/span> <abbr class=\"required\" title=\"Required\">*<\/abbr><\/label><input type=\"number\" id=\"evf-302-field_zc8YCaS2Pp-7\" class=\"input-text\" name=\"everest_forms[form_fields][zc8YCaS2Pp-7]\" required\/><\/div><\/div><\/div><div class=\"evf-frontend-row\" data-row=\"row_2\" conditional_rules=\"[]\"><div class=\"evf-frontend-grid evf-grid-1\" data-grid=\"grid_1\"><div id=\"evf-302-field_kp2f4qNE3x-8-container\" class=\"evf-field evf-field-text form-row\" data-field-id=\"kp2f4qNE3x-8\"><label class=\"evf-field-label\" for=\"evf-302-field_kp2f4qNE3x-8\"><span class=\"evf-label\">Adresse<\/span> <\/label><input type=\"text\" id=\"evf-302-field_kp2f4qNE3x-8\" class=\"input-text\" name=\"everest_forms[form_fields][kp2f4qNE3x-8]\" ><\/div><div id=\"evf-302-field_rXJXNrBGqX-9-container\" class=\"evf-field evf-field-text form-row validate-required\" data-required-field-message=\"Le champ est obligatoire.\" data-field-id=\"rXJXNrBGqX-9\"><label class=\"evf-field-label\" for=\"evf-302-field_rXJXNrBGqX-9\"><span class=\"evf-label\">Code Postal<\/span> <abbr class=\"required\" title=\"Required\">*<\/abbr><\/label><input type=\"text\" id=\"evf-302-field_rXJXNrBGqX-9\" class=\"input-text\" name=\"everest_forms[form_fields][rXJXNrBGqX-9]\" required><\/div><div id=\"evf-302-field_zQuBgoB0xq-10-container\" class=\"evf-field evf-field-text form-row validate-required\" data-required-field-message=\"Le champ est obligatoire.\" data-field-id=\"zQuBgoB0xq-10\"><label class=\"evf-field-label\" for=\"evf-302-field_zQuBgoB0xq-10\"><span class=\"evf-label\">Ville<\/span> <abbr class=\"required\" title=\"Required\">*<\/abbr><\/label><input type=\"text\" id=\"evf-302-field_zQuBgoB0xq-10\" class=\"input-text\" name=\"everest_forms[form_fields][zQuBgoB0xq-10]\" required><\/div><div id=\"evf-302-field_MMOZjwUFEU-11-container\" class=\"evf-field evf-field-text form-row validate-required\" data-required-field-message=\"Le champ est obligatoire.\" data-field-id=\"MMOZjwUFEU-11\"><label class=\"evf-field-label\" for=\"evf-302-field_MMOZjwUFEU-11\"><span class=\"evf-label\">N\u00b0 t\u00e9l\u00e9phone<\/span> <abbr class=\"required\" title=\"Required\">*<\/abbr><\/label><input type=\"text\" id=\"evf-302-field_MMOZjwUFEU-11\" class=\"input-text\" name=\"everest_forms[form_fields][MMOZjwUFEU-11]\" required><\/div><div id=\"evf-302-field_NBuoxVxg17-12-container\" class=\"evf-field evf-field-email form-row validate-required validate-email\" data-required-field-message=\"Merci de renseigner une adresse email valide.\" data-field-id=\"NBuoxVxg17-12\"><label class=\"evf-field-label\" for=\"evf-302-field_NBuoxVxg17-12\"><span class=\"evf-label\">Email<\/span> <abbr class=\"required\" title=\"Required\">*<\/abbr><\/label><input type=\"email\" id=\"evf-302-field_NBuoxVxg17-12\" class=\"input-text\" name=\"everest_forms[form_fields][NBuoxVxg17-12]\" required ><\/div><\/div><\/div><div class=\"evf-frontend-row\" data-row=\"row_3\" conditional_rules=\"[]\"><div class=\"evf-frontend-grid evf-grid-1\" data-grid=\"grid_1\"><div id=\"evf-302-field_KrPZg670aT-13-container\" class=\"evf-field evf-field-radio form-row validate-required\" data-required-field-message=\"Le champ est obligatoire.\" data-field-id=\"KrPZg670aT-13\"><label class=\"evf-field-label\" for=\"evf-302-field_KrPZg670aT-13\"><span class=\"evf-label\">Etes-vous natif de l'Aube ?<\/span> <abbr class=\"required\" title=\"Required\">*<\/abbr><\/label><ul id=\"evf-302-field_KrPZg670aT-13\" class=\" evf-field-required\"><li class=\"choice-1 depth-1 everest-forms-selected\"><input type=\"radio\" id=\"evf-302-field_KrPZg670aT-13_1\" class=\"input-text\" name=\"everest_forms[form_fields][KrPZg670aT-13]\" value=\"Oui\" required  checked='checked'><label class=\"everest-forms-field-label-inline\" for=\"evf-302-field_KrPZg670aT-13_1\">Oui<\/label><\/li><li class=\"choice-2 depth-1\"><input type=\"radio\" id=\"evf-302-field_KrPZg670aT-13_2\" class=\"input-text\" name=\"everest_forms[form_fields][KrPZg670aT-13]\" value=\"Non\" required ><label class=\"everest-forms-field-label-inline\" for=\"evf-302-field_KrPZg670aT-13_2\">Non<\/label><\/li><\/ul><\/div><div id=\"evf-302-field_Qs7aVpS7kg-14-container\" class=\"evf-field evf-field-text form-row\" data-field-id=\"Qs7aVpS7kg-14\"><label class=\"evf-field-label\" for=\"evf-302-field_Qs7aVpS7kg-14\"><span class=\"evf-label\">Si non, depuis quand y r\u00e9sidez-vous ?<\/span> <\/label><input type=\"text\" id=\"evf-302-field_Qs7aVpS7kg-14\" class=\"input-text\" name=\"everest_forms[form_fields][Qs7aVpS7kg-14]\" ><\/div><div id=\"evf-302-field_C0F5XW2Nzf-16-container\" class=\"evf-field evf-field-textarea form-row validate-required\" data-required-field-message=\"Le champ est obligatoire.\" data-field-id=\"C0F5XW2Nzf-16\"><label class=\"evf-field-label\" for=\"evf-302-field_C0F5XW2Nzf-16\"><span class=\"evf-label\">Afin de mieux vous conna\u00eetre, parlez-nous de vous, de vos passions, centres d'int\u00e9r\u00eats et loisirs.<\/span> <abbr class=\"required\" title=\"Required\">*<\/abbr><\/label><textarea id=\"evf-302-field_C0F5XW2Nzf-16\" class=\"input-text\" name=\"everest_forms[form_fields][C0F5XW2Nzf-16]\" required ><\/textarea><\/div><div id=\"evf-302-field_njvLZvTdyY-17-container\" class=\"evf-field evf-field-textarea form-row validate-required\" data-required-field-message=\"Le champ est obligatoire.\" data-field-id=\"njvLZvTdyY-17\"><label class=\"evf-field-label\" for=\"evf-302-field_njvLZvTdyY-17\"><span class=\"evf-label\">Si vous vous impliquez dans le monde associatif local ou dans votre quartier, racontez-nous !<\/span> <abbr class=\"required\" title=\"Required\">*<\/abbr><\/label><textarea id=\"evf-302-field_njvLZvTdyY-17\" class=\"input-text\" name=\"everest_forms[form_fields][njvLZvTdyY-17]\" required ><\/textarea><\/div><div id=\"evf-302-field_9mrUbzsQik-20-container\" class=\"evf-field evf-field-textarea form-row validate-required\" data-required-field-message=\"Le champ est obligatoire.\" data-field-id=\"9mrUbzsQik-20\"><label class=\"evf-field-label\" for=\"evf-302-field_9mrUbzsQik-20\"><span class=\"evf-label\">Qu'est ce qui vous motive pour devenir Greeter ?<\/span> <abbr class=\"required\" title=\"Required\">*<\/abbr><\/label><textarea id=\"evf-302-field_9mrUbzsQik-20\" class=\"input-text\" name=\"everest_forms[form_fields][9mrUbzsQik-20]\" required ><\/textarea><\/div><div id=\"evf-302-field_zcAPpQkInV-18-container\" class=\"evf-field evf-field-textarea form-row validate-required\" data-required-field-message=\"Le champ est obligatoire.\" data-field-id=\"zcAPpQkInV-18\"><label class=\"evf-field-label\" for=\"evf-302-field_zcAPpQkInV-18\"><span class=\"evf-label\">Avez-vous une passion ou une histoire personnelle qui pourrait int\u00e9resser des visiteurs et que vous souhaiteriez mettre en avant (gatronome, sportif, ancien bonnetier ou une grand m\u00e8re incroyable qui a marqu\u00e9 la m\u00e9moire locale, par exemple...) :<\/span> <abbr class=\"required\" title=\"Required\">*<\/abbr><\/label><textarea id=\"evf-302-field_zcAPpQkInV-18\" class=\"input-text\" name=\"everest_forms[form_fields][zcAPpQkInV-18]\" required ><\/textarea><\/div><div id=\"evf-302-field_VbxIWNBa6g-19-container\" class=\"evf-field evf-field-textarea form-row validate-required\" data-required-field-message=\"Le champ est obligatoire.\" data-field-id=\"VbxIWNBa6g-19\"><label class=\"evf-field-label\" for=\"evf-302-field_VbxIWNBa6g-19\"><span class=\"evf-label\">Une id\u00e9e ou des id\u00e9es de balade que vous aimeriez proposer \u00e0 des visiteurs comme vous le faites avec vos propres amis?<\/span> <abbr class=\"required\" title=\"Required\">*<\/abbr><\/label><textarea id=\"evf-302-field_VbxIWNBa6g-19\" class=\"input-text\" name=\"everest_forms[form_fields][VbxIWNBa6g-19]\" required ><\/textarea><\/div><div id=\"evf-302-field_aJJQTYu8SO-22-container\" class=\"evf-field evf-field-checkbox form-row validate-required\" data-required-field-message=\"Le champ est obligatoire.\" data-field-id=\"aJJQTYu8SO-22\"><label class=\"evf-field-label\" for=\"evf-302-field_aJJQTYu8SO-22\"><span class=\"evf-label\">Dans quelles r\u00e9gions de l'Aube souhaiteriez-vous accueillir des visiteurs en tant que Greeter ?<\/span> <abbr class=\"required\" title=\"Required\">*<\/abbr><\/label><ul id=\"evf-302-field_aJJQTYu8SO-22\" class=\" evf-field-required\"><li class=\"choice-1 depth-1\"><input type=\"checkbox\" id=\"evf-302-field_aJJQTYu8SO-22_1\" class=\"input-text\" name=\"everest_forms[form_fields][aJJQTYu8SO-22][]\" value=\"A Troyes\" required ><label class=\"everest-forms-field-label-inline\" for=\"evf-302-field_aJJQTYu8SO-22_1\">A Troyes<\/label><\/li><li class=\"choice-2 depth-1\"><input type=\"checkbox\" id=\"evf-302-field_aJJQTYu8SO-22_2\" class=\"input-text\" name=\"everest_forms[form_fields][aJJQTYu8SO-22][]\" value=\"Dans le Pays d&#039;Othe\" required ><label class=\"everest-forms-field-label-inline\" for=\"evf-302-field_aJJQTYu8SO-22_2\">Dans le Pays d'Othe<\/label><\/li><li class=\"choice-3 depth-1\"><input type=\"checkbox\" id=\"evf-302-field_aJJQTYu8SO-22_3\" class=\"input-text\" name=\"everest_forms[form_fields][aJJQTYu8SO-22][]\" value=\"La r\u00e9gion des lacs\" required ><label class=\"everest-forms-field-label-inline\" for=\"evf-302-field_aJJQTYu8SO-22_3\">La r\u00e9gion des lacs<\/label><\/li><li class=\"choice-4 depth-1\"><input type=\"checkbox\" id=\"evf-302-field_aJJQTYu8SO-22_4\" class=\"input-text\" name=\"everest_forms[form_fields][aJJQTYu8SO-22][]\" value=\"Dans le nogentais\" required ><label class=\"everest-forms-field-label-inline\" for=\"evf-302-field_aJJQTYu8SO-22_4\">Dans le nogentais<\/label><\/li><li class=\"choice-5 depth-1\"><input type=\"checkbox\" id=\"evf-302-field_aJJQTYu8SO-22_5\" class=\"input-text\" name=\"everest_forms[form_fields][aJJQTYu8SO-22][]\" value=\"Dans le Chaour\u00e7ois\" required ><label class=\"everest-forms-field-label-inline\" for=\"evf-302-field_aJJQTYu8SO-22_5\">Dans le Chaour\u00e7ois<\/label><\/li><li class=\"choice-6 depth-1\"><input type=\"checkbox\" id=\"evf-302-field_aJJQTYu8SO-22_6\" class=\"input-text\" name=\"everest_forms[form_fields][aJJQTYu8SO-22][]\" value=\"Sur la C\u00f4te des Bar\" required ><label class=\"everest-forms-field-label-inline\" for=\"evf-302-field_aJJQTYu8SO-22_6\">Sur la C\u00f4te des Bar<\/label><\/li><li class=\"choice-7 depth-1\"><input type=\"checkbox\" id=\"evf-302-field_aJJQTYu8SO-22_7\" class=\"input-text\" name=\"everest_forms[form_fields][aJJQTYu8SO-22][]\" value=\"Vers Arcis sur Aube\" required ><label class=\"everest-forms-field-label-inline\" for=\"evf-302-field_aJJQTYu8SO-22_7\">Vers Arcis sur Aube<\/label><\/li><\/ul><\/div><div id=\"evf-302-field_5imVEr3doh-23-container\" class=\"evf-field evf-field-checkbox form-row validate-required\" data-required-field-message=\"Le champ est obligatoire.\" data-field-id=\"5imVEr3doh-23\"><label class=\"evf-field-label\" for=\"evf-302-field_5imVEr3doh-23\"><span class=\"evf-label\">Langues parl\u00e9es dans lesquelles vous vous sentiriez \u00e0 l'aise pour communiquer avec des visiteurs \u00e9trangers :<\/span> <abbr class=\"required\" title=\"Required\">*<\/abbr><\/label><ul id=\"evf-302-field_5imVEr3doh-23\" class=\" evf-field-required\"><li class=\"choice-1 depth-1\"><input type=\"checkbox\" id=\"evf-302-field_5imVEr3doh-23_1\" class=\"input-text\" name=\"everest_forms[form_fields][5imVEr3doh-23][]\" value=\"Fran\u00e7ais\" required ><label class=\"everest-forms-field-label-inline\" for=\"evf-302-field_5imVEr3doh-23_1\">Fran\u00e7ais<\/label><\/li><li class=\"choice-2 depth-1\"><input type=\"checkbox\" id=\"evf-302-field_5imVEr3doh-23_2\" class=\"input-text\" name=\"everest_forms[form_fields][5imVEr3doh-23][]\" value=\"Anglais\" required ><label class=\"everest-forms-field-label-inline\" for=\"evf-302-field_5imVEr3doh-23_2\">Anglais<\/label><\/li><li class=\"choice-3 depth-1\"><input type=\"checkbox\" id=\"evf-302-field_5imVEr3doh-23_3\" class=\"input-text\" name=\"everest_forms[form_fields][5imVEr3doh-23][]\" value=\"Allemand\" required ><label class=\"everest-forms-field-label-inline\" for=\"evf-302-field_5imVEr3doh-23_3\">Allemand<\/label><\/li><li class=\"choice-4 depth-1\"><input type=\"checkbox\" id=\"evf-302-field_5imVEr3doh-23_4\" class=\"input-text\" name=\"everest_forms[form_fields][5imVEr3doh-23][]\" value=\"Espagnol\" required ><label class=\"everest-forms-field-label-inline\" for=\"evf-302-field_5imVEr3doh-23_4\">Espagnol<\/label><\/li><li class=\"choice-5 depth-1\"><input type=\"checkbox\" id=\"evf-302-field_5imVEr3doh-23_5\" class=\"input-text\" name=\"everest_forms[form_fields][5imVEr3doh-23][]\" value=\"Italien\" required ><label class=\"everest-forms-field-label-inline\" for=\"evf-302-field_5imVEr3doh-23_5\">Italien<\/label><\/li><li class=\"choice-6 depth-1\"><input type=\"checkbox\" id=\"evf-302-field_5imVEr3doh-23_6\" class=\"input-text\" name=\"everest_forms[form_fields][5imVEr3doh-23][]\" value=\"Portuguais\" required ><label class=\"everest-forms-field-label-inline\" for=\"evf-302-field_5imVEr3doh-23_6\">Portuguais<\/label><\/li><li class=\"choice-7 depth-1\"><input type=\"checkbox\" id=\"evf-302-field_5imVEr3doh-23_7\" class=\"input-text\" name=\"everest_forms[form_fields][5imVEr3doh-23][]\" value=\"Autre\" required ><label class=\"everest-forms-field-label-inline\" for=\"evf-302-field_5imVEr3doh-23_7\">Autre<\/label><\/li><\/ul><\/div><div id=\"evf-302-field_MmhBb86deY-24-container\" class=\"evf-field evf-field-text form-row\" data-field-id=\"MmhBb86deY-24\"><label class=\"evf-field-label\" for=\"evf-302-field_MmhBb86deY-24\"><span class=\"evf-label\">Si vous avez \u00e9t\u00e9 recommand\u00e9 par un Greeter, dites-nous qui !<\/span> <\/label><input type=\"text\" id=\"evf-302-field_MmhBb86deY-24\" class=\"input-text\" name=\"everest_forms[form_fields][MmhBb86deY-24]\" ><\/div><div id=\"evf-302-field_RVof9IJEHs-25-container\" class=\"evf-field evf-field-checkbox form-row validate-required\" data-required-field-message=\"Le champ est obligatoire.\" data-field-id=\"RVof9IJEHs-25\"><label class=\"evf-field-label evf-label-hide\" for=\"evf-302-field_RVof9IJEHs-25\"><span class=\"evf-label\">Acceptation charte des Greeters<\/span> <abbr class=\"required\" title=\"Required\">*<\/abbr><\/label><ul id=\"evf-302-field_RVof9IJEHs-25\" class=\" evf-field-required\"><li class=\"choice-1 depth-1 everest-forms-selected\"><input type=\"checkbox\" id=\"evf-302-field_RVof9IJEHs-25_1\" class=\"input-text\" name=\"everest_forms[form_fields][RVof9IJEHs-25][]\" value=\"Pour envoyer ma candidature, je confirme avoir lu et accept\u00e9 la charte des Greeters\" required  checked='checked'><label class=\"everest-forms-field-label-inline\" for=\"evf-302-field_RVof9IJEHs-25_1\">Pour envoyer ma candidature, je confirme avoir lu et accept\u00e9 la charte des Greeters<\/label><\/li><\/ul><\/div><\/div><\/div><\/div><div class=\"evf-honeypot-container evf-field-hp\"><label for=\"evf-302-field-hp\" class=\"evf-field-label\">Website<\/label><input type=\"text\" name=\"everest_forms[hp]\" id=\"evf-302-field-hp\" class=\"input-text\"><\/div><div class=\"evf-submit-container \" ><input type=\"hidden\" name=\"everest_forms[id]\" value=\"302\"><input type=\"hidden\" name=\"everest_forms[author]\" value=\"1\"><button type='submit' name='everest_forms[submit]' class='everest-forms-submit-button button evf-submit ' id='evf-submit-302' value='evf-submit' data-process-text=\"En traitement\u2026\" conditional_rules='&quot;&quot;' conditional_id='evf-submit-302'  id=\"evf-submit-302\" aria-live=\"assertive\">Valider<\/button><\/div><\/form><\/div><!-- .evf-container --><\/div><\/p>","protected":false},"excerpt":{"rendered":"<p>Votre candidature en quatre points : Remplir le questionnaire en ligne A l&#8217;issue de l&#8217;\u00e9tude de votre candidature, nous vous convierons \u00e0 participer \u00e0 une r\u00e9union de l&#8217;association pour faire &#8230;<\/p>\n","protected":false},"author":1,"featured_media":283,"parent":18,"menu_order":0,"comment_status":"closed","ping_status":"closed","template":"template-fullwidth.php","meta":{"ngg_post_thumbnail":0,"footnotes":""},"class_list":["post-303","page","type-page","status-publish","has-post-thumbnail","hentry"],"_links":{"self":[{"href":"https:\/\/www.greeters-troyes-aube.fr\/en\/wp-json\/wp\/v2\/pages\/303","targetHints":{"allow":["GET"]}}],"collection":[{"href":"https:\/\/www.greeters-troyes-aube.fr\/en\/wp-json\/wp\/v2\/pages"}],"about":[{"href":"https:\/\/www.greeters-troyes-aube.fr\/en\/wp-json\/wp\/v2\/types\/page"}],"author":[{"embeddable":true,"href":"https:\/\/www.greeters-troyes-aube.fr\/en\/wp-json\/wp\/v2\/users\/1"}],"replies":[{"embeddable":true,"href":"https:\/\/www.greeters-troyes-aube.fr\/en\/wp-json\/wp\/v2\/comments?post=303"}],"version-history":[{"count":7,"href":"https:\/\/www.greeters-troyes-aube.fr\/en\/wp-json\/wp\/v2\/pages\/303\/revisions"}],"predecessor-version":[{"id":676,"href":"https:\/\/www.greeters-troyes-aube.fr\/en\/wp-json\/wp\/v2\/pages\/303\/revisions\/676"}],"up":[{"embeddable":true,"href":"https:\/\/www.greeters-troyes-aube.fr\/en\/wp-json\/wp\/v2\/pages\/18"}],"wp:featuredmedia":[{"embeddable":true,"href":"https:\/\/www.greeters-troyes-aube.fr\/en\/wp-json\/wp\/v2\/media\/283"}],"wp:attachment":[{"href":"https:\/\/www.greeters-troyes-aube.fr\/en\/wp-json\/wp\/v2\/media?parent=303"}],"curies":[{"name":"wp","href":"https:\/\/api.w.org\/{rel}","templated":true}]}}